{"id":49,"date":"2014-08-06T13:07:31","date_gmt":"2014-08-06T13:07:31","guid":{"rendered":"http:\/\/www.gebeli.com.br\/?page_id=49"},"modified":"2017-07-10T17:23:46","modified_gmt":"2017-07-10T17:23:46","slug":"produtos","status":"publish","type":"page","link":"http:\/\/www.gebeli.com.br\/?page_id=49","title":{"rendered":"COMPONENTES ELETR\u00d4NICOS"},"content":{"rendered":"<p><del><\/del><div class=\"productcatdes\"><\/div><ul class=\"products\" style=\"background: #eee;\"><li><a href=\"http:\/\/www.gebeli.com.br\/?grid_products=componentes-eletronicos\"><img src=\"http:\/\/www.gebeli.com.br\/wp-content\/uploads\/2014\/08\/componenteseletrncos-195x140.jpg\" style=\"max-width:195px;\" alt=\"\" \/><h4>Componentes  Eletr\u00f4nicos<\/h4><\/a><div class=\"productmoreholder\"><div class=\"productmoretag\"><a href=\"http:\/\/www.gebeli.com.br\/?grid_products=componentes-eletronicos\">clique aqui<\/a><\/div><\/div><\/li><li><a href=\"http:\/\/www.gebeli.com.br\/?grid_products=plugs-conectores-e-adaptadores\"><img src=\"http:\/\/www.gebeli.com.br\/wp-content\/uploads\/2014\/08\/Plug_conect01-195x140.jpg\" style=\"max-width:195px;\" alt=\"\" \/><h4>Plugs, Conectores e Adaptadores<\/h4><\/a><div class=\"productmoreholder\"><div class=\"productmoretag\"><a href=\"http:\/\/www.gebeli.com.br\/?grid_products=plugs-conectores-e-adaptadores\">clique aqui<\/a><\/div><\/div><\/li><li><a href=\"http:\/\/www.gebeli.com.br\/?grid_products=chaves\"><img src=\"http:\/\/www.gebeli.com.br\/wp-content\/uploads\/2014\/08\/chaves_-195x140.jpg\" style=\"max-width:195px;\" alt=\"\" \/><h4>Chaves<\/h4><\/a><div class=\"productmoreholder\"><div class=\"productmoretag\"><a href=\"http:\/\/www.gebeli.com.br\/?grid_products=chaves\">clique aqui<\/a><\/div><\/div><\/li><li><a href=\"http:\/\/www.gebeli.com.br\/?grid_products=pinos-e-bornes\"><img src=\"http:\/\/www.gebeli.com.br\/wp-content\/uploads\/2014\/08\/pinosbornes-195x140.jpg\" style=\"max-width:195px;\" alt=\"\" \/><h4>Pinos e Bornes<\/h4><\/a><div class=\"productmoreholder\"><div class=\"productmoretag\"><a href=\"http:\/\/www.gebeli.com.br\/?grid_products=pinos-e-bornes\">clique aqui<\/a><\/div><\/div><\/li><li><a href=\"http:\/\/www.gebeli.com.br\/?grid_products=ferramentas\"><img src=\"http:\/\/www.gebeli.com.br\/wp-content\/uploads\/2014\/08\/ferramentas-195x140.jpg\" style=\"max-width:195px;\" alt=\"\" \/><h4>Ferramentas<\/h4><\/a><div class=\"productmoreholder\"><div class=\"productmoretag\"><a href=\"http:\/\/www.gebeli.com.br\/?grid_products=ferramentas\">clique aqui<\/a><\/div><\/div><\/li><li><a href=\"http:\/\/www.gebeli.com.br\/?grid_products=instrumentos-de-medicao\"><img src=\"http:\/\/www.gebeli.com.br\/wp-content\/uploads\/2014\/08\/medidor_eletrico-195x140.jpg\" style=\"max-width:195px;\" alt=\"\" \/><h4>Instrumentos de Medi\u00e7\u00e3o<\/h4><\/a><div class=\"productmoreholder\"><div class=\"productmoretag\"><a href=\"http:\/\/www.gebeli.com.br\/?grid_products=instrumentos-de-medicao\">clique aqui<\/a><\/div><\/div><\/li><li><a href=\"http:\/\/www.gebeli.com.br\/?grid_products=pilhas-e-baterias\"><img src=\"http:\/\/www.gebeli.com.br\/wp-content\/uploads\/2014\/08\/pilhas_baterias-195x140.jpg\" style=\"max-width:195px;\" alt=\"\" \/><h4>Pilhas e Baterias<\/h4><\/a><div class=\"productmoreholder\"><div class=\"productmoretag\"><a href=\"http:\/\/www.gebeli.com.br\/?grid_products=pilhas-e-baterias\">clique aqui<\/a><\/div><\/div><\/li><li><a href=\"http:\/\/www.gebeli.com.br\/?grid_products=fios-e-cabos\"><img src=\"http:\/\/www.gebeli.com.br\/wp-content\/uploads\/2014\/08\/fios-e-cabos-195x140.jpg\" style=\"max-width:195px;\" alt=\"\" \/><h4>Fios e Cabos<\/h4><\/a><div class=\"productmoreholder\"><div class=\"productmoretag\"><a href=\"http:\/\/www.gebeli.com.br\/?grid_products=fios-e-cabos\">clique aqui<\/a><\/div><\/div><\/li><li><a href=\"http:\/\/www.gebeli.com.br\/?grid_products=transformadores-e-fontes\"><img src=\"http:\/\/www.gebeli.com.br\/wp-content\/uploads\/2014\/08\/transformadores-e-fontes-195x140.jpg\" style=\"max-width:195px;\" alt=\"\" \/><h4>Transformadores e Fontes<\/h4><\/a><div class=\"productmoreholder\"><div class=\"productmoretag\"><a href=\"http:\/\/www.gebeli.com.br\/?grid_products=transformadores-e-fontes\">clique aqui<\/a><\/div><\/div><\/li><li><a href=\"http:\/\/www.gebeli.com.br\/?grid_products=telefonia\"><img src=\"http:\/\/www.gebeli.com.br\/wp-content\/uploads\/2014\/08\/telefonia-195x140.jpg\" style=\"max-width:195px;\" alt=\"\" \/><h4>Telefonia<\/h4><\/a><div class=\"productmoreholder\"><div class=\"productmoretag\"><a href=\"http:\/\/www.gebeli.com.br\/?grid_products=telefonia\">clique aqui<\/a><\/div><\/div><\/li><li><a href=\"http:\/\/www.gebeli.com.br\/?grid_products=audio-e-video-2\"><img src=\"http:\/\/www.gebeli.com.br\/wp-content\/uploads\/2014\/08\/audiovideo-195x140.jpg\" style=\"max-width:195px;\" alt=\"\" \/><h4>\u00c1udio e V\u00eddeo<\/h4><\/a><div class=\"productmoreholder\"><div class=\"productmoretag\"><a href=\"http:\/\/www.gebeli.com.br\/?grid_products=audio-e-video-2\">clique aqui<\/a><\/div><\/div><\/li><li><a href=\"http:\/\/www.gebeli.com.br\/?grid_products=antenas-2\"><img src=\"http:\/\/www.gebeli.com.br\/wp-content\/uploads\/2014\/08\/antenas_-195x140.jpg\" style=\"max-width:195px;\" alt=\"\" \/><h4>Antenas<\/h4><\/a><div class=\"productmoreholder\"><div class=\"productmoretag\"><a href=\"http:\/\/www.gebeli.com.br\/?grid_products=antenas-2\">clique aqui<\/a><\/div><\/div><\/li><li><a href=\"http:\/\/www.gebeli.com.br\/?grid_products=informatica\"><img src=\"http:\/\/www.gebeli.com.br\/wp-content\/uploads\/2014\/08\/informatica-195x140.jpg\" style=\"max-width:195px;\" alt=\"\" \/><h4>Inform\u00e1tica<\/h4><\/a><div class=\"productmoreholder\"><div class=\"productmoretag\"><a href=\"http:\/\/www.gebeli.com.br\/?grid_products=informatica\">clique aqui<\/a><\/div><\/div><\/li><li><a href=\"http:\/\/www.gebeli.com.br\/?grid_products=seguranca\"><img src=\"http:\/\/www.gebeli.com.br\/wp-content\/uploads\/2014\/08\/seguranca-195x140.jpg\" style=\"max-width:195px;\" alt=\"\" \/><h4>Seguran\u00e7a<\/h4><\/a><div class=\"productmoreholder\"><div class=\"productmoretag\"><a href=\"http:\/\/www.gebeli.com.br\/?grid_products=seguranca\">clique aqui<\/a><\/div><\/div><\/li><li><a href=\"http:\/\/www.gebeli.com.br\/?grid_products=produtos-quimicos\"><img src=\"http:\/\/www.gebeli.com.br\/wp-content\/uploads\/2014\/08\/quimicos-195x140.jpg\" style=\"max-width:195px;\" alt=\"\" \/><h4>Produtos Qu\u00edmicos<\/h4><\/a><div class=\"productmoreholder\"><div class=\"productmoretag\"><a href=\"http:\/\/www.gebeli.com.br\/?grid_products=produtos-quimicos\">clique aqui<\/a><\/div><\/div><\/li><li><a href=\"http:\/\/www.gebeli.com.br\/?grid_products=automotivo\"><img src=\"http:\/\/www.gebeli.com.br\/wp-content\/uploads\/2014\/08\/automotivo_-195x140.jpg\" style=\"max-width:195px;\" alt=\"\" \/><h4>Automotivo<\/h4><\/a><div class=\"productmoreholder\"><div class=\"productmoretag\"><a href=\"http:\/\/www.gebeli.com.br\/?grid_products=automotivo\">clique aqui<\/a><\/div><\/div><\/li><li><a href=\"http:\/\/www.gebeli.com.br\/?grid_products=eletrico-eletronico\"><img src=\"http:\/\/www.gebeli.com.br\/wp-content\/uploads\/2014\/08\/eletroeletronicos-195x140.jpg\" style=\"max-width:195px;\" alt=\"\" \/><h4>El\u00e9trico \/ Eletr\u00f4nico<\/h4><\/a><div class=\"productmoreholder\"><div class=\"productmoretag\"><a href=\"http:\/\/www.gebeli.com.br\/?grid_products=eletrico-eletronico\">clique aqui<\/a><\/div><\/div><\/li><li><a href=\"http:\/\/www.gebeli.com.br\/?grid_products=controles\"><img src=\"http:\/\/www.gebeli.com.br\/wp-content\/uploads\/2014\/08\/controles-195x140.jpg\" style=\"max-width:195px;\" alt=\"\" \/><h4>Controles<\/h4><\/a><div class=\"productmoreholder\"><div class=\"productmoretag\"><a href=\"http:\/\/www.gebeli.com.br\/?grid_products=controles\">clique aqui<\/a><\/div><\/div><\/li><li><a href=\"http:\/\/www.gebeli.com.br\/?grid_products=motor-de-automacao-para-portoes\"><img src=\"http:\/\/www.gebeli.com.br\/wp-content\/uploads\/2015\/05\/basculantes-195x140.jpg\" style=\"max-width:195px;\" alt=\"\" \/><h4>Motor de automa\u00e7\u00e3o para port\u00f5es<\/h4><\/a><div class=\"productmoreholder\"><div class=\"productmoretag\"><a href=\"http:\/\/www.gebeli.com.br\/?grid_products=motor-de-automacao-para-portoes\">clique aqui<\/a><\/div><\/div><\/li><\/ul><\/p>\n","protected":false},"excerpt":{"rendered":"","protected":false},"author":1,"featured_media":0,"parent":0,"menu_order":400,"comment_status":"closed","ping_status":"closed","template":"template-fullwidth.php","meta":[],"_links":{"self":[{"href":"http:\/\/www.gebeli.com.br\/index.php?rest_route=\/wp\/v2\/pages\/49"}],"collection":[{"href":"http:\/\/www.gebeli.com.br\/index.php?rest_route=\/wp\/v2\/pages"}],"about":[{"href":"http:\/\/www.gebeli.com.br\/index.php?rest_route=\/wp\/v2\/types\/page"}],"author":[{"embeddable":true,"href":"http:\/\/www.gebeli.com.br\/index.php?rest_route=\/wp\/v2\/users\/1"}],"replies":[{"embeddable":true,"href":"http:\/\/www.gebeli.com.br\/index.php?rest_route=%2Fwp%2Fv2%2Fcomments&post=49"}],"version-history":[{"count":1,"href":"http:\/\/www.gebeli.com.br\/index.php?rest_route=\/wp\/v2\/pages\/49\/revisions"}],"predecessor-version":[{"id":222,"href":"http:\/\/www.gebeli.com.br\/index.php?rest_route=\/wp\/v2\/pages\/49\/revisions\/222"}],"wp:attachment":[{"href":"http:\/\/www.gebeli.com.br\/index.php?rest_route=%2Fwp%2Fv2%2Fmedia&parent=49"}],"curies":[{"name":"wp","href":"https:\/\/api.w.org\/{rel}","templated":true}]}}