{"id":29,"date":"2014-08-05T17:26:57","date_gmt":"2014-08-05T17:26:57","guid":{"rendered":"http:\/\/www.gebeli.com.br\/?page_id=29"},"modified":"2019-02-20T20:27:38","modified_gmt":"2019-02-20T20:27:38","slug":"servicos","status":"publish","type":"page","link":"http:\/\/www.gebeli.com.br\/?page_id=29","title":{"rendered":"SERVI\u00c7OS"},"content":{"rendered":"<div id=\"conteudos\">\n<h3 style=\"text-align: justify;\">SERVI\u00c7OS<\/h3>\n<p><span style=\"color: #222222;\">Num campo onde a diversidade de op\u00e7\u00f5es \u00e9 incrivelmente grande,&nbsp;somente uma equipe altamente capacitada pode orientar e indicar a melhor op\u00e7\u00e3o a ser seguida.<\/span><\/p>\n<p>A GEBELI possui profissionais extremamente qualificados, aliados a uma vasta experi\u00eancia no mercado de eletro\/eletr\u00f4nicos. Nossa equipe sempre direciona a melhor alternativa e certamente lhe auxiliar\u00e1 na hora da compra, garantindo &nbsp;a maximiza\u00e7\u00e3o dos resultados e sua satisfa\u00e7\u00e3o com o produto adquirido.<\/p>\n<p>Atuando na \u00e1rea de energia limpa, oferecemos venda e instala\u00e7\u00e3o do sistema solar e e\u00f3lico.<\/p>\n<\/div>\n","protected":false},"excerpt":{"rendered":"<p>SERVI\u00c7OS Num campo onde a diversidade de op\u00e7\u00f5es \u00e9 incrivelmente grande,&nbsp;somente uma equipe altamente capacitada pode orientar e indicar a melhor op\u00e7\u00e3o a ser seguida. A GEBELI possui profissionais extremamente qualificados, aliados a uma vasta experi\u00eancia no mercado de eletro\/eletr\u00f4nicos. Nossa equipe sempre direciona a melhor alternativa e certamente lhe auxiliar\u00e1 na hora da compra, garantindo &nbsp;a maximiza\u00e7\u00e3o dos resultados<\/p>\n","protected":false},"author":1,"featured_media":0,"parent":0,"menu_order":300,"comment_status":"closed","ping_status":"closed","template":"template-fullwidth.php","meta":[],"_links":{"self":[{"href":"http:\/\/www.gebeli.com.br\/index.php?rest_route=\/wp\/v2\/pages\/29"}],"collection":[{"href":"http:\/\/www.gebeli.com.br\/index.php?rest_route=\/wp\/v2\/pages"}],"about":[{"href":"http:\/\/www.gebeli.com.br\/index.php?rest_route=\/wp\/v2\/types\/page"}],"author":[{"embeddable":true,"href":"http:\/\/www.gebeli.com.br\/index.php?rest_route=\/wp\/v2\/users\/1"}],"replies":[{"embeddable":true,"href":"http:\/\/www.gebeli.com.br\/index.php?rest_route=%2Fwp%2Fv2%2Fcomments&post=29"}],"version-history":[{"count":1,"href":"http:\/\/www.gebeli.com.br\/index.php?rest_route=\/wp\/v2\/pages\/29\/revisions"}],"predecessor-version":[{"id":148,"href":"http:\/\/www.gebeli.com.br\/index.php?rest_route=\/wp\/v2\/pages\/29\/revisions\/148"}],"wp:attachment":[{"href":"http:\/\/www.gebeli.com.br\/index.php?rest_route=%2Fwp%2Fv2%2Fmedia&parent=29"}],"curies":[{"name":"wp","href":"https:\/\/api.w.org\/{rel}","templated":true}]}}