{"id":281,"date":"2017-07-10T17:38:20","date_gmt":"2017-07-10T17:38:20","guid":{"rendered":"http:\/\/www.gebeli.com.br\/?page_id=281"},"modified":"2017-07-21T23:51:49","modified_gmt":"2017-07-21T23:51:49","slug":"tubinas","status":"publish","type":"page","link":"http:\/\/www.gebeli.com.br\/?page_id=281","title":{"rendered":"TUBINAS"},"content":{"rendered":"<table border=\"0\" bordercolor=\"#FFFFFF\" width=\"100%\">\n<tr>\n<td><img decoding=\"async\" loading=\"lazy\" class=\"alignleft size-medium wp-image-308\" src=\"http:\/\/www.gebeli.com.br\/wp-content\/uploads\/2017\/07\/Istabreeze_i-500_Modelo_2016-286x300.jpg\" alt=\"\" width=\"286\" height=\"300\" data-id=\"308\" srcset=\"http:\/\/www.gebeli.com.br\/wp-content\/uploads\/2017\/07\/Istabreeze_i-500_Modelo_2016-286x300.jpg 286w, http:\/\/www.gebeli.com.br\/wp-content\/uploads\/2017\/07\/Istabreeze_i-500_Modelo_2016.jpg 548w\" sizes=\"(max-width: 286px) 100vw, 286px\" \/>TURBINA ISTA BRIZEE 12 OU 24V 500W<\/p>\n<p>O Istabreeze i-500 Modelo 2016 e Aerogerador de fabrica\u00e7\u00e3o turca e atualmente o mini aerogerador mais vendido na Europa .<\/td>\n<\/tr>\n<tr>\n<td>\n<hr>\n<\/td>\n<\/tr>\n<tr>\n<td><span style=\"float: left;\"><img decoding=\"async\" loading=\"lazy\" class=\"alignright size-medium wp-image-309\" src=\"http:\/\/www.gebeli.com.br\/wp-content\/uploads\/2017\/07\/TURBINA_ENERSUD-300x287.gif\" alt=\"\" width=\"300\" height=\"287\" data-id=\"309\">Turbina E\u00f3lica Notus 138 \/ 112<br \/>\nA Linha NOTUS da Enersud foi desenvolvida para suprir pequenas necessidades de energia, mas apesar das baixas pot\u00eancias (250w e 350w) tamb\u00e9m contam com o sofisticado sistema controle de velocidade por controle de passo, que garantem a m\u00e1xima SEGURAN\u00c7A e BAIXO N\u00cdVEL DE RU\u00cdDO. <\/span><\/td>\n<\/tr>\n<tr>\n<td>\n<hr>\n<\/td>\n<\/tr>\n<tr>\n<td><img decoding=\"async\" loading=\"lazy\" class=\"alignleft size-medium wp-image-311\" src=\"http:\/\/www.gebeli.com.br\/wp-content\/uploads\/2017\/07\/TURBINAS_IMPORTADA_SHADONG_HUAYA_48V-2_500W-300x300.jpg\" alt=\"\" width=\"300\" height=\"300\" data-id=\"311\" srcset=\"http:\/\/www.gebeli.com.br\/wp-content\/uploads\/2017\/07\/TURBINAS_IMPORTADA_SHADONG_HUAYA_48V-2_500W-300x300.jpg 300w, http:\/\/www.gebeli.com.br\/wp-content\/uploads\/2017\/07\/TURBINAS_IMPORTADA_SHADONG_HUAYA_48V-2_500W-150x150.jpg 150w, http:\/\/www.gebeli.com.br\/wp-content\/uploads\/2017\/07\/TURBINAS_IMPORTADA_SHADONG_HUAYA_48V-2_500W-90x90.jpg 90w, http:\/\/www.gebeli.com.br\/wp-content\/uploads\/2017\/07\/TURBINAS_IMPORTADA_SHADONG_HUAYA_48V-2_500W-75x75.jpg 75w, http:\/\/www.gebeli.com.br\/wp-content\/uploads\/2017\/07\/TURBINAS_IMPORTADA_SHADONG_HUAYA_48V-2_500W.jpg 400w\" sizes=\"(max-width: 300px) 100vw, 300px\" \/>Turbina e\u00f3lica 2.5kw fora do sistema de trabalho da grade, incluindo: corpo principal da turbina e\u00f3lica (rotor de l\u00e2minas, gerador de \u00edm\u00e3 permanente, corpo do rotor, haste da cauda, palheta da cauda), torre de fio macho ou torre de inclina\u00e7\u00e3o, controlador de carga com carga de despejo, grupo de bateria, inversor .<br \/>\nTurbina e\u00f3lica de 2.5kw no sistema de trabalho da grade, incluindo: corpo principal da turbina e\u00f3lica (rotor de l\u00e2minas, gerador de \u00edm\u00e3 permanente, corpo do rotor, haste da cauda, fl\u00e3 da cauda), torre de fio macho ou torre de inclina\u00e7\u00e3o, PWM no controlador da grade com carga de despejo, grade inversor.<\/td>\n<\/tr>\n<\/table>\n","protected":false},"excerpt":{"rendered":"<p>TURBINA ISTA BRIZEE 12 OU 24V 500W O Istabreeze i-500 Modelo 2016 e Aerogerador de fabrica\u00e7\u00e3o turca e atualmente o mini aerogerador mais vendido na Europa . Turbina E\u00f3lica Notus 138 \/ 112 A Linha NOTUS da Enersud foi desenvolvida para suprir pequenas necessidades de energia, mas apesar das baixas pot\u00eancias (250w e 350w) tamb\u00e9m contam com o sofisticado sistema<\/p>\n","protected":false},"author":3,"featured_media":0,"parent":266,"menu_order":0,"comment_status":"closed","ping_status":"closed","template":"template-fullwidth.php","meta":[],"_links":{"self":[{"href":"http:\/\/www.gebeli.com.br\/index.php?rest_route=\/wp\/v2\/pages\/281"}],"collection":[{"href":"http:\/\/www.gebeli.com.br\/index.php?rest_route=\/wp\/v2\/pages"}],"about":[{"href":"http:\/\/www.gebeli.com.br\/index.php?rest_route=\/wp\/v2\/types\/page"}],"author":[{"embeddable":true,"href":"http:\/\/www.gebeli.com.br\/index.php?rest_route=\/wp\/v2\/users\/3"}],"replies":[{"embeddable":true,"href":"http:\/\/www.gebeli.com.br\/index.php?rest_route=%2Fwp%2Fv2%2Fcomments&post=281"}],"version-history":[{"count":1,"href":"http:\/\/www.gebeli.com.br\/index.php?rest_route=\/wp\/v2\/pages\/281\/revisions"}],"predecessor-version":[{"id":290,"href":"http:\/\/www.gebeli.com.br\/index.php?rest_route=\/wp\/v2\/pages\/281\/revisions\/290"}],"up":[{"embeddable":true,"href":"http:\/\/www.gebeli.com.br\/index.php?rest_route=\/wp\/v2\/pages\/266"}],"wp:attachment":[{"href":"http:\/\/www.gebeli.com.br\/index.php?rest_route=%2Fwp%2Fv2%2Fmedia&parent=281"}],"curies":[{"name":"wp","href":"https:\/\/api.w.org\/{rel}","templated":true}]}}