{"id":261,"date":"2017-06-19T14:25:19","date_gmt":"2017-06-19T14:25:19","guid":{"rendered":"http:\/\/www.gebeli.com.br\/?page_id=261"},"modified":"2017-07-10T17:25:53","modified_gmt":"2017-07-10T17:25:53","slug":"modulos-solares","status":"publish","type":"page","link":"http:\/\/www.gebeli.com.br\/?page_id=261","title":{"rendered":"ENERGIA SOLAR"},"content":{"rendered":"<div id=\"post-17\" class=\"post-17 page type-page status-publish hentry\">\n<div class=\"storycontent\">\n<p><a href=\"http:\/\/www.gebeli.com.br\/wp-content\/uploads\/2017\/05\/header_lampada.png\"><img decoding=\"async\" loading=\"lazy\" class=\"alignleft wp-image-258 \" src=\"http:\/\/www.gebeli.com.br\/wp-content\/uploads\/2017\/05\/header_lampada-196x300.png\" alt=\"\" width=\"122\" height=\"187\" data-id=\"258\" srcset=\"http:\/\/www.gebeli.com.br\/wp-content\/uploads\/2017\/05\/header_lampada-196x300.png 196w, http:\/\/www.gebeli.com.br\/wp-content\/uploads\/2017\/05\/header_lampada.png 199w\" sizes=\"(max-width: 122px) 100vw, 122px\" \/><\/a>A <strong>Gebeli<\/strong>&nbsp;est\u00e1 no mercado a mais de 20 anos a agora atuando fortemente nas mais inovadoras formas de gera\u00e7\u00e3o limpa e alternativa. Tanto no comercio quanto na instala\u00e7\u00e3o completa destes equipamentos a Gebeli tem o compromisso de satisfazer as necessidades de seus clientes, atrav\u00e9s da excel\u00eancia em todos seus ramos de atua\u00e7\u00e3o com honestidade, compet\u00eancia e m\u00e9todos de engenharia bem definidos e seriamente implantados em cada servi\u00e7o oferecido.<\/p>\n<\/div>\n<\/div>\n<div class=\"centro_box\">\n<div class=\"city\">\n<h2><a href=\"http:\/\/www.gebeli.com.br\/wp-content\/uploads\/2017\/06\/kyocera.jpg\"><img decoding=\"async\" loading=\"lazy\" class=\"alignnone size-medium wp-image-263\" src=\"http:\/\/www.gebeli.com.br\/wp-content\/uploads\/2017\/06\/kyocera-300x200.jpg\" alt=\"\" width=\"300\" height=\"200\" data-id=\"263\" srcset=\"http:\/\/www.gebeli.com.br\/wp-content\/uploads\/2017\/06\/kyocera-300x200.jpg 300w, http:\/\/www.gebeli.com.br\/wp-content\/uploads\/2017\/06\/kyocera.jpg 450w\" sizes=\"(max-width: 300px) 100vw, 300px\" \/><\/a><\/h2>\n<h2>KYOCERA<\/h2>\n<p>Uma Companhia global comprometida na fabrica\u00e7\u00e3o e Destribui\u00e7\u00e3o de produtos de Energia Renov\u00e1vel da mais Alta Qualidade, Objetivando melhorias em nossa qualidade de vida e em nossas Gera\u00e7\u00f5es Futuras!<\/p>\n<\/div>\n<div class=\"city\">\n<h2><a href=\"http:\/\/www.gebeli.com.br\/wp-content\/uploads\/2017\/06\/canadiansolar.jpg\"><img decoding=\"async\" loading=\"lazy\" class=\"alignnone size-medium wp-image-264\" src=\"http:\/\/www.gebeli.com.br\/wp-content\/uploads\/2017\/06\/canadiansolar-300x200.jpg\" alt=\"\" width=\"300\" height=\"200\" data-id=\"264\" srcset=\"http:\/\/www.gebeli.com.br\/wp-content\/uploads\/2017\/06\/canadiansolar-300x200.jpg 300w, http:\/\/www.gebeli.com.br\/wp-content\/uploads\/2017\/06\/canadiansolar.jpg 380w\" sizes=\"(max-width: 300px) 100vw, 300px\" \/><\/a><\/h2>\n<h2>CANADIANSOLAR<\/h2>\n<p>Uma das Tr\u00eas maiores empresas de energia solar<br \/>\ndo mundo, com sua Matriz no canada , e hoje com fillial no Brasil.<\/p>\n<\/div>\n<\/div>\n","protected":false},"excerpt":{"rendered":"<p>A Gebeli&nbsp;est\u00e1 no mercado a mais de 20 anos a agora atuando fortemente nas mais inovadoras formas de gera\u00e7\u00e3o limpa e alternativa. Tanto no comercio quanto na instala\u00e7\u00e3o completa destes equipamentos a Gebeli tem o compromisso de satisfazer as necessidades de seus clientes, atrav\u00e9s da excel\u00eancia em todos seus ramos de atua\u00e7\u00e3o com honestidade, compet\u00eancia e m\u00e9todos de engenharia bem<\/p>\n","protected":false},"author":3,"featured_media":0,"parent":257,"menu_order":100,"comment_status":"closed","ping_status":"closed","template":"template-fullwidth.php","meta":[],"_links":{"self":[{"href":"http:\/\/www.gebeli.com.br\/index.php?rest_route=\/wp\/v2\/pages\/261"}],"collection":[{"href":"http:\/\/www.gebeli.com.br\/index.php?rest_route=\/wp\/v2\/pages"}],"about":[{"href":"http:\/\/www.gebeli.com.br\/index.php?rest_route=\/wp\/v2\/types\/page"}],"author":[{"embeddable":true,"href":"http:\/\/www.gebeli.com.br\/index.php?rest_route=\/wp\/v2\/users\/3"}],"replies":[{"embeddable":true,"href":"http:\/\/www.gebeli.com.br\/index.php?rest_route=%2Fwp%2Fv2%2Fcomments&post=261"}],"version-history":[{"count":1,"href":"http:\/\/www.gebeli.com.br\/index.php?rest_route=\/wp\/v2\/pages\/261\/revisions"}],"predecessor-version":[{"id":262,"href":"http:\/\/www.gebeli.com.br\/index.php?rest_route=\/wp\/v2\/pages\/261\/revisions\/262"}],"up":[{"embeddable":true,"href":"http:\/\/www.gebeli.com.br\/index.php?rest_route=\/wp\/v2\/pages\/257"}],"wp:attachment":[{"href":"http:\/\/www.gebeli.com.br\/index.php?rest_route=%2Fwp%2Fv2%2Fmedia&parent=261"}],"curies":[{"name":"wp","href":"https:\/\/api.w.org\/{rel}","templated":true}]}}